{"id":512,"date":"2021-03-18T07:45:48","date_gmt":"2021-03-18T07:45:48","guid":{"rendered":"https:\/\/www.kipa-focus.at\/wordpress\/?page_id=512"},"modified":"2021-03-29T07:01:25","modified_gmt":"2021-03-29T07:01:25","slug":"datenschutz","status":"publish","type":"page","link":"https:\/\/www.kipa-focus.at\/index.php\/datenschutz\/","title":{"rendered":"Datenschutz"},"content":{"rendered":"\t\t<div data-elementor-type=\"wp-page\" data-elementor-id=\"512\" class=\"elementor elementor-512\">\n\t\t\t\t\t\t<section class=\"elementor-section elementor-top-section elementor-element elementor-element-352efcc elementor-section-boxed elementor-section-height-default elementor-section-height-default\" data-id=\"352efcc\" data-element_type=\"section\">\n\t\t\t\t\t\t\t<div class=\"elementor-background-overlay\"><\/div>\n\t\t\t\t\t\t\t<div class=\"elementor-container elementor-column-gap-default\">\n\t\t\t\t\t<div class=\"elementor-column elementor-col-100 elementor-top-column elementor-element elementor-element-a209392\" data-id=\"a209392\" data-element_type=\"column\">\n\t\t\t<div class=\"elementor-widget-wrap elementor-element-populated\">\n\t\t\t\t\t\t<div class=\"elementor-element elementor-element-6a81d5f elementor-widget elementor-widget-heading\" data-id=\"6a81d5f\" data-element_type=\"widget\" data-widget_type=\"heading.default\">\n\t\t\t\t<div class=\"elementor-widget-container\">\n\t\t\t\t\t<h2 class=\"elementor-heading-title elementor-size-default\">Datenschutzerkl\u00e4rung<\/h2>\t\t\t\t<\/div>\n\t\t\t\t<\/div>\n\t\t\t\t<div class=\"elementor-element elementor-element-352893f elementor-widget elementor-widget-text-editor\" data-id=\"352893f\" data-element_type=\"widget\" data-widget_type=\"text-editor.default\">\n\t\t\t\t<div class=\"elementor-widget-container\">\n\t\t\t\t\t\t\t\t\t<p><strong>Allgemein<br \/><\/strong>Der Verein Familie &amp; Beruf Vorderland nimmt den Schutz Ihrer personenbezogenen Daten sehr ernst. Wir verarbeiten personenbezogene Daten, die beim Besuch unserer Webseiten erhoben werden, unter Beachtung der geltenden datenschutzrechtlichen Bestimmungen der EU Datenschutz Grundverordnung (EUDSGVO). Ihre Daten werden von uns weder ver\u00f6ffentlicht, noch unberechtigt an Dritte weitergegeben. Im Folgenden erl\u00e4utern wir, welche Daten wir w\u00e4hrend Ihres Besuches auf unseren Webseiten erfassen und wie genau diese verwendet werden:<\/p><p><strong>Datenerhebung und -verarbeitung<br \/><\/strong>Wenn Sie unsere Webseiten besuchen, speichern unsere Webserver tempor\u00e4r jeden Zugriff in einer Protokolldatei. Folgende Daten werden erfasst und bis zur automatisierten L\u00f6schung gespeichert:<\/p><ul><li>IP-Adresse des anfragenden Rechners<\/li><li>Datum und Uhrzeit des Zugriffs<\/li><li>Name und URL der abgerufenen Daten<\/li><li>\u00dcbertragene Datenmenge<\/li><li>Meldung, ob der Abruf erfolgreich war<\/li><li>Erkennungsdaten des verwendeten Browser- und Betriebssystems<\/li><li>Webseite, von der aus der Zugriff erfolgt<\/li><\/ul><p>Die Verarbeitung dieser Daten erfolgt zum Zweck, die Nutzung der Webseite zu erm\u00f6glichen (Verbindungsaufbau), der Systemsicherheit, der technischen Administration der Netzinfrastruktur sowie zur Optimierung des Internetangebotes.<\/p><p>Die IP-Adresse wird nur bei Angriffen auf die Netzinfrastruktur des Vereins Familie &amp; Beruf Vorderland ausgewertet.<\/p><p>\u00dcber die vorstehend genannten F\u00e4lle hinaus werden personenbezogene Daten nicht verarbeitet, es sei denn, Sie willigen ausdr\u00fccklich in eine weitergehende Verarbeitung ein. Pseudonyme Nutzungsprofile k\u00f6nnen gem. den Ausf\u00fchrungen zur Web-Analyse erstellt werden (s.u.).<\/p><p><strong>Nutzung und Weitergabe der Daten<br \/><\/strong>Jegliche Nutzung Ihrer personenbezogenen Daten erfolgt nur zu den genannten Zwecken und in dem zur Erreichung dieser Zwecke erforderlichen Umfang. Eine Weitergabe an Dritte erfolgt nicht. \u00dcbermittlungen personenbezogener Daten an staatliche Einrichtungen und Beh\u00f6rden erfolgen nur im Rahmen zwingender nationaler Rechtsvorschriften oder wenn die Weitergabe im Fall von Angriffen auf unsere Netzinfrastruktur zur Rechts- oder Strafverfolgung erforderlich ist. Eine Weitergabe zu anderen Zwecken findet nicht statt.<\/p><p>Sie k\u00f6nnen unsere Website grunds\u00e4tzlich besuchen, ohne Angaben zu Ihrer Person zu machen. Ausschlie\u00dflich, wenn Sie uns \u00fcber das Kontaktformular erreichen m\u00f6chten, werden personenbezogene Daten erhoben.<\/p><p><strong>Verwendung von Cookies<br \/><\/strong>Auf unserer Website verwenden wir in der Regel keine Cookies. Lediglich ausnahmsweise werden Cookies eingesetzt, die Daten zur technischen Sitzungssteuerung im Speicher Ihres Browsers ablegen. Diese Daten werden mit dem Schlie\u00dfen Ihres Browsers gel\u00f6scht. Sollten wir ausnahmsweise in einem Cookie auch personenbezogene Daten speichern wollen, etwa eine Nutzerkennung, werden Sie besonders darauf hingewiesen. Nat\u00fcrlich k\u00f6nnen Sie unsere Webseiten auch ohne Cookies betrachten. Die meisten Browser akzeptieren Cookies jedoch automatisch. Sie k\u00f6nnen das Speichern von Cookies verhindern, indem Sie dies in Ihren Browser-Einstellungen festlegen. Wenn Sie keine Cookies akzeptieren, kann dies zu Funktionseinschr\u00e4nkungen unserer Angebote f\u00fchren.<\/p><p><strong>Datensicherheit<br \/><\/strong>Ihre Vertragsdaten werden verschl\u00fcsselt mittels SSL Verfahren \u00fcber das Internet \u00fcbertragen. Wir sichern unsere Website und sonstigen Systeme durch technische und organisatorische Ma\u00dfnahmen gegen Verlust, Zerst\u00f6rung, Zugriff, Ver\u00e4nderung oder Verbreitung Ihrer Daten durch unbefugte Personen.<\/p><p><strong>Auskunfts-, L\u00f6schungs- und Widerspruchsrecht sowie Kontaktdaten<br \/><\/strong>Ihnen steht das Recht zu, jederzeit in angemessenem Umfang Auskunft \u00fcber bzw. L\u00f6schung der von Ihnen verarbeiteten personenbezogenen Daten zu verlangen. Ferner steht Ihnen das Recht zu, diese berichtigen oder sperren zu lassen. Ebenso haben Sie das Recht, jederzeit, ohne Angabe von Gr\u00fcnden, der Verarbeitung Ihrer personenbezogenen Daten zu widersprechen. In diesem Fall werden wir die weitere Verarbeitung Ihrer personenbezogenen Daten sofort einstellen und die Daten unwiederbringlich vernichten. Bitte beachten Sie, dass dadurch eine weitere Zusammenarbeit ausgeschlossen wird oder Dienstleistungen unsererseits nicht mehr m\u00f6glich sind. Wenn Sie Auskunft \u00fcber Ihre personenbezogenen Daten beziehungsweise deren Korrektur oder L\u00f6schung w\u00fcnschen sowie Widerspruch einlegen m\u00f6chten oder weitergehende Fragen \u00fcber die Verwendung Ihrer uns \u00fcberlassenen personenbezogenen Daten haben, kontaktieren Sie bitte: <a href=\"mailto:betreuung@kipa-focus.at\">betreuung@kipa-focus.at<\/a><\/p><p>Jede\/r Betroffene hat jederzeit das Recht, sich bei Unzufriedenheit, Unstimmigkeiten oder bei einem Verdacht auf Unregelm\u00e4\u00dfigkeiten direkt an die Datenschutzbeh\u00f6rde seines Heimatlandes zu richten.<\/p>\t\t\t\t\t\t\t\t<\/div>\n\t\t\t\t<\/div>\n\t\t\t\t\t<\/div>\n\t\t<\/div>\n\t\t\t\t\t<\/div>\n\t\t<\/section>\n\t\t\t\t<\/div>\n\t\t","protected":false},"excerpt":{"rendered":"<p>Datenschutzerkl\u00e4rung AllgemeinDer Verein Familie &amp; Beruf Vorderland nimmt den Schutz Ihrer personenbezogenen Daten sehr ernst. Wir verarbeiten personenbezogene Daten, die beim Besuch unserer Webseiten erhoben werden, unter Beachtung der geltenden datenschutzrechtlichen Bestimmungen der EU Datenschutz Grundverordnung (EUDSGVO). Ihre Daten werden von uns weder ver\u00f6ffentlicht, noch unberechtigt an Dritte weitergegeben. Im Folgenden erl\u00e4utern wir, welche Daten [&hellip;]<\/p>\n","protected":false},"author":1,"featured_media":0,"parent":0,"menu_order":0,"comment_status":"closed","ping_status":"closed","template":"","meta":{"site-sidebar-layout":"no-sidebar","site-content-layout":"page-builder","ast-site-content-layout":"default","site-content-style":"default","site-sidebar-style":"default","ast-global-header-display":"","ast-banner-title-visibility":"","ast-main-header-display":"","ast-hfb-above-header-display":"","ast-hfb-below-header-display":"","ast-hfb-mobile-header-display":"","site-post-title":"disabled","ast-breadcrumbs-content":"","ast-featured-img":"disabled","footer-sml-layout":"","ast-disable-related-posts":"","theme-transparent-header-meta":"default","adv-header-id-meta":"","stick-header-meta":"","header-above-stick-meta":"","header-main-stick-meta":"","header-below-stick-meta":"","astra-migrate-meta-layouts":"default","ast-page-background-enabled":"default","ast-page-background-meta":{"desktop":{"background-color":"","background-image":"","background-repeat":"repeat","background-position":"center center","background-size":"auto","background-attachment":"scroll","background-type":"","background-media":"","overlay-type":"","overlay-color":"","overlay-opacity":"","overlay-gradient":""},"tablet":{"background-color":"","background-image":"","background-repeat":"repeat","background-position":"center center","background-size":"auto","background-attachment":"scroll","background-type":"","background-media":"","overlay-type":"","overlay-color":"","overlay-opacity":"","overlay-gradient":""},"mobile":{"background-color":"","background-image":"","background-repeat":"repeat","background-position":"center center","background-size":"auto","background-attachment":"scroll","background-type":"","background-media":"","overlay-type":"","overlay-color":"","overlay-opacity":"","overlay-gradient":""}},"ast-content-background-meta":{"desktop":{"background-color":"var(--ast-global-color-5)","background-image":"","background-repeat":"repeat","background-position":"center center","background-size":"auto","background-attachment":"scroll","background-type":"","background-media":"","overlay-type":"","overlay-color":"","overlay-opacity":"","overlay-gradient":""},"tablet":{"background-color":"var(--ast-global-color-5)","background-image":"","background-repeat":"repeat","background-position":"center center","background-size":"auto","background-attachment":"scroll","background-type":"","background-media":"","overlay-type":"","overlay-color":"","overlay-opacity":"","overlay-gradient":""},"mobile":{"background-color":"var(--ast-global-color-5)","background-image":"","background-repeat":"repeat","background-position":"center center","background-size":"auto","background-attachment":"scroll","background-type":"","background-media":"","overlay-type":"","overlay-color":"","overlay-opacity":"","overlay-gradient":""}},"footnotes":""},"class_list":["post-512","page","type-page","status-publish","hentry"],"_links":{"self":[{"href":"https:\/\/www.kipa-focus.at\/index.php\/wp-json\/wp\/v2\/pages\/512","targetHints":{"allow":["GET"]}}],"collection":[{"href":"https:\/\/www.kipa-focus.at\/index.php\/wp-json\/wp\/v2\/pages"}],"about":[{"href":"https:\/\/www.kipa-focus.at\/index.php\/wp-json\/wp\/v2\/types\/page"}],"author":[{"embeddable":true,"href":"https:\/\/www.kipa-focus.at\/index.php\/wp-json\/wp\/v2\/users\/1"}],"replies":[{"embeddable":true,"href":"https:\/\/www.kipa-focus.at\/index.php\/wp-json\/wp\/v2\/comments?post=512"}],"version-history":[{"count":7,"href":"https:\/\/www.kipa-focus.at\/index.php\/wp-json\/wp\/v2\/pages\/512\/revisions"}],"predecessor-version":[{"id":654,"href":"https:\/\/www.kipa-focus.at\/index.php\/wp-json\/wp\/v2\/pages\/512\/revisions\/654"}],"wp:attachment":[{"href":"https:\/\/www.kipa-focus.at\/index.php\/wp-json\/wp\/v2\/media?parent=512"}],"curies":[{"name":"wp","href":"https:\/\/api.w.org\/{rel}","templated":true}]}}