{"id":506,"date":"2021-03-18T07:44:52","date_gmt":"2021-03-18T07:44:52","guid":{"rendered":"https:\/\/www.kipa-focus.at\/wordpress\/?page_id=506"},"modified":"2021-03-30T06:34:26","modified_gmt":"2021-03-30T06:34:26","slug":"impressum","status":"publish","type":"page","link":"https:\/\/www.kipa-focus.at\/index.php\/impressum\/","title":{"rendered":"Impressum"},"content":{"rendered":"\t\t<div data-elementor-type=\"wp-page\" data-elementor-id=\"506\" class=\"elementor elementor-506\">\n\t\t\t\t\t\t<section class=\"elementor-section elementor-top-section elementor-element elementor-element-a6cb875 elementor-section-boxed elementor-section-height-default elementor-section-height-default\" data-id=\"a6cb875\" data-element_type=\"section\">\n\t\t\t\t\t\t\t<div class=\"elementor-background-overlay\"><\/div>\n\t\t\t\t\t\t\t<div class=\"elementor-container elementor-column-gap-default\">\n\t\t\t\t\t<div class=\"elementor-column elementor-col-100 elementor-top-column elementor-element elementor-element-f9c765a\" data-id=\"f9c765a\" data-element_type=\"column\">\n\t\t\t<div class=\"elementor-widget-wrap elementor-element-populated\">\n\t\t\t\t\t\t<div class=\"elementor-element elementor-element-6987a06 elementor-widget elementor-widget-heading\" data-id=\"6987a06\" data-element_type=\"widget\" data-widget_type=\"heading.default\">\n\t\t\t\t<div class=\"elementor-widget-container\">\n\t\t\t\t\t<h2 class=\"elementor-heading-title elementor-size-default\">Impressum<\/h2>\t\t\t\t<\/div>\n\t\t\t\t<\/div>\n\t\t\t\t<div class=\"elementor-element elementor-element-2b4da17 elementor-widget elementor-widget-text-editor\" data-id=\"2b4da17\" data-element_type=\"widget\" data-widget_type=\"text-editor.default\">\n\t\t\t\t<div class=\"elementor-widget-container\">\n\t\t\t\t\t\t\t\t\t<p><strong>Verein Familie &amp; Beruf Vorderland<br \/><\/strong>Interpark Focus 3<br \/>6832 R\u00f6this<br \/>\u00d6sterreich<\/p><p>Organschaftliche Vertreter<br \/>Obfrau: Janine Mattle<br \/>Obfrau Stellvertreterin: Ruth Bickel<\/p><p>Verein, ZVR: 905522181<br \/>Unternehmensgegenstand: Kinderbetreuung<br \/>UID-Nummer: ATU63853100<br \/>Bezirkshauptmannschaft Feldkirch<\/p><p>Tel.:\u00a0+4369910983531<br \/>E-Mail:\u00a0<a href=\"mailto:betreuung@kipa-focus.at\">betreuung@kipa-focus.at<\/a><\/p><p><strong>EU-Streitschlichtung<br \/><\/strong>Verbraucher haben die M\u00f6glichkeit, Beschwerden an die Online-Streitbeilegungsplattform der EU zu richten: <a href=\"http:\/\/ec.europa.eu\/odr\">http:\/\/ec.europa.eu\/odr<\/a>. Sie k\u00f6nnen allf\u00e4llige Beschwerde auch an die oben angegebene E-Mail-Adresse richten.<\/p><p><strong>Haftungsausschluss<br \/><\/strong>Der Verein Familie &amp; Beruf Vorderland ist sehr bem\u00fcht die Inhalte dieser Website st\u00e4ndig weiterzuentwickeln und alle Informationen aktuell und korrekt zur Verf\u00fcgung zu stellen. Leider kann keinerlei Haftung f\u00fcr die Richtigkeit aller Website-Inhalte \u00fcbernommen werden. Sollten Ihnen Inhalte, die problematisch oder rechtswidrig sein k\u00f6nnten, auffallen, k\u00f6nnen Sie uns sehr gerne direkt \u00fcber die oben genannten Kontaktdaten informieren. Wir werden diese Inhalte dann umgehend entfernen.<\/p><p><strong>Haftung f\u00fcr Links<br \/><\/strong>Diese Website enth\u00e4lt Links zu Websites Dritter, f\u00fcr wessen Inhalte der Verein Familie &amp; Beruf Vorderland nicht verantwortlich ist. Es kann daher leider keinerlei Haftung f\u00fcr verlinkte Websites \u00fcbernommen werden. Sollten Ihnen auch hier problematische oder rechtswidrige Inhalte auffallen, bitten Sie sie, uns \u00fcber die oben genannten Kontaktdaten dar\u00fcber zu informieren. Wir entfernen diese dann umgehend von unserer Website.<\/p><p><strong>Urheberrecht<br \/><\/strong>Alle Website-Inhalte unterliegen dem Urheberrecht. Beitr\u00e4ge Dritter werden selbstverst\u00e4ndlich als solche gekennzeichnet. Jede Art der Verwertung unserer Inhalte bed\u00fcrfen einer schriftlichen Zustimmung seitens des Websitebetreibers Verein Familie &amp; Beruf Vorderland.<\/p><p><strong>Bildernachweis<br \/><\/strong><a href=\"https:\/\/stock.adobe.com\/at\/\">Adobe Stock<\/a><br \/><a href=\"https:\/\/www.pexels.com\/\">Pexels<\/a><br \/><a href=\"https:\/\/www.istockphoto.com\/de\">iStock<\/a><\/p>\t\t\t\t\t\t\t\t<\/div>\n\t\t\t\t<\/div>\n\t\t\t\t\t<\/div>\n\t\t<\/div>\n\t\t\t\t\t<\/div>\n\t\t<\/section>\n\t\t\t\t<\/div>\n\t\t","protected":false},"excerpt":{"rendered":"<p>Impressum Verein Familie &amp; Beruf VorderlandInterpark Focus 36832 R\u00f6this\u00d6sterreich Organschaftliche VertreterObfrau: Janine MattleObfrau Stellvertreterin: Ruth Bickel Verein, ZVR: 905522181Unternehmensgegenstand: KinderbetreuungUID-Nummer: ATU63853100Bezirkshauptmannschaft Feldkirch Tel.:\u00a0+4369910983531E-Mail:\u00a0betreuung@kipa-focus.at EU-StreitschlichtungVerbraucher haben die M\u00f6glichkeit, Beschwerden an die Online-Streitbeilegungsplattform der EU zu richten: http:\/\/ec.europa.eu\/odr. Sie k\u00f6nnen allf\u00e4llige Beschwerde auch an die oben angegebene E-Mail-Adresse richten. HaftungsausschlussDer Verein Familie &amp; Beruf Vorderland ist sehr [&hellip;]<\/p>\n","protected":false},"author":1,"featured_media":0,"parent":0,"menu_order":0,"comment_status":"closed","ping_status":"closed","template":"","meta":{"site-sidebar-layout":"no-sidebar","site-content-layout":"page-builder","ast-site-content-layout":"default","site-content-style":"default","site-sidebar-style":"default","ast-global-header-display":"","ast-banner-title-visibility":"","ast-main-header-display":"","ast-hfb-above-header-display":"","ast-hfb-below-header-display":"","ast-hfb-mobile-header-display":"","site-post-title":"disabled","ast-breadcrumbs-content":"","ast-featured-img":"disabled","footer-sml-layout":"","ast-disable-related-posts":"","theme-transparent-header-meta":"default","adv-header-id-meta":"","stick-header-meta":"","header-above-stick-meta":"","header-main-stick-meta":"","header-below-stick-meta":"","astra-migrate-meta-layouts":"default","ast-page-background-enabled":"default","ast-page-background-meta":{"desktop":{"background-color":"","background-image":"","background-repeat":"repeat","background-position":"center center","background-size":"auto","background-attachment":"scroll","background-type":"","background-media":"","overlay-type":"","overlay-color":"","overlay-opacity":"","overlay-gradient":""},"tablet":{"background-color":"","background-image":"","background-repeat":"repeat","background-position":"center center","background-size":"auto","background-attachment":"scroll","background-type":"","background-media":"","overlay-type":"","overlay-color":"","overlay-opacity":"","overlay-gradient":""},"mobile":{"background-color":"","background-image":"","background-repeat":"repeat","background-position":"center center","background-size":"auto","background-attachment":"scroll","background-type":"","background-media":"","overlay-type":"","overlay-color":"","overlay-opacity":"","overlay-gradient":""}},"ast-content-background-meta":{"desktop":{"background-color":"var(--ast-global-color-5)","background-image":"","background-repeat":"repeat","background-position":"center center","background-size":"auto","background-attachment":"scroll","background-type":"","background-media":"","overlay-type":"","overlay-color":"","overlay-opacity":"","overlay-gradient":""},"tablet":{"background-color":"var(--ast-global-color-5)","background-image":"","background-repeat":"repeat","background-position":"center center","background-size":"auto","background-attachment":"scroll","background-type":"","background-media":"","overlay-type":"","overlay-color":"","overlay-opacity":"","overlay-gradient":""},"mobile":{"background-color":"var(--ast-global-color-5)","background-image":"","background-repeat":"repeat","background-position":"center center","background-size":"auto","background-attachment":"scroll","background-type":"","background-media":"","overlay-type":"","overlay-color":"","overlay-opacity":"","overlay-gradient":""}},"footnotes":""},"class_list":["post-506","page","type-page","status-publish","hentry"],"_links":{"self":[{"href":"https:\/\/www.kipa-focus.at\/index.php\/wp-json\/wp\/v2\/pages\/506","targetHints":{"allow":["GET"]}}],"collection":[{"href":"https:\/\/www.kipa-focus.at\/index.php\/wp-json\/wp\/v2\/pages"}],"about":[{"href":"https:\/\/www.kipa-focus.at\/index.php\/wp-json\/wp\/v2\/types\/page"}],"author":[{"embeddable":true,"href":"https:\/\/www.kipa-focus.at\/index.php\/wp-json\/wp\/v2\/users\/1"}],"replies":[{"embeddable":true,"href":"https:\/\/www.kipa-focus.at\/index.php\/wp-json\/wp\/v2\/comments?post=506"}],"version-history":[{"count":14,"href":"https:\/\/www.kipa-focus.at\/index.php\/wp-json\/wp\/v2\/pages\/506\/revisions"}],"predecessor-version":[{"id":663,"href":"https:\/\/www.kipa-focus.at\/index.php\/wp-json\/wp\/v2\/pages\/506\/revisions\/663"}],"wp:attachment":[{"href":"https:\/\/www.kipa-focus.at\/index.php\/wp-json\/wp\/v2\/media?parent=506"}],"curies":[{"name":"wp","href":"https:\/\/api.w.org\/{rel}","templated":true}]}}